{"id":99,"date":"2026-02-10T19:45:17","date_gmt":"2026-02-10T19:45:17","guid":{"rendered":"https:\/\/outletdorota.pl\/index.php\/produkt\/bluza-puma-ferrari-race-53168301\/"},"modified":"2026-02-23T17:56:18","modified_gmt":"2026-02-23T17:56:18","slug":"bluza-puma-ferrari-race-53168301","status":"publish","type":"product","link":"https:\/\/outletdorota.pl\/index.php\/produkt\/bluza-puma-ferrari-race-53168301\/","title":{"rendered":"Bluza Puma Ferrari Race 53168301"},"content":{"rendered":"<p>M\u0119ska bluza z kapturem Puma Ferrari Race Hooded Swt Jkt w kolorze czarnym. Symbol: 53168301. Materia\u0142: 79% bawe\u0142na, 5% elastan, 16% poliester. Rozmiar S, nowa z metk\u0105.<\/p>\n","protected":false},"excerpt":{"rendered":"<p>M\u0119ska bluza z kapturem Puma Ferrari Race Hooded Swt Jkt  [&#8230;]<\/p>\n","protected":false},"featured_media":206,"comment_status":"open","ping_status":"closed","template":"","meta":[],"product_brand":[],"product_cat":[32,29,27],"product_tag":[],"class_list":{"0":"post-99","1":"product","2":"type-product","3":"status-publish","4":"has-post-thumbnail","6":"product_cat-bluzy-i-swetry","7":"product_cat-meska","8":"product_cat-odziez","10":"first","11":"outofstock","12":"sale","13":"shipping-taxable","14":"purchasable","15":"product-type-simple"},"_links":{"self":[{"href":"https:\/\/outletdorota.pl\/index.php\/wp-json\/wp\/v2\/product\/99","targetHints":{"allow":["GET"]}}],"collection":[{"href":"https:\/\/outletdorota.pl\/index.php\/wp-json\/wp\/v2\/product"}],"about":[{"href":"https:\/\/outletdorota.pl\/index.php\/wp-json\/wp\/v2\/types\/product"}],"replies":[{"embeddable":true,"href":"https:\/\/outletdorota.pl\/index.php\/wp-json\/wp\/v2\/comments?post=99"}],"wp:featuredmedia":[{"embeddable":true,"href":"https:\/\/outletdorota.pl\/index.php\/wp-json\/wp\/v2\/media\/206"}],"wp:attachment":[{"href":"https:\/\/outletdorota.pl\/index.php\/wp-json\/wp\/v2\/media?parent=99"}],"wp:term":[{"taxonomy":"product_brand","embeddable":true,"href":"https:\/\/outletdorota.pl\/index.php\/wp-json\/wp\/v2\/product_brand?post=99"},{"taxonomy":"product_cat","embeddable":true,"href":"https:\/\/outletdorota.pl\/index.php\/wp-json\/wp\/v2\/product_cat?post=99"},{"taxonomy":"product_tag","embeddable":true,"href":"https:\/\/outletdorota.pl\/index.php\/wp-json\/wp\/v2\/product_tag?post=99"}],"curies":[{"name":"wp","href":"https:\/\/api.w.org\/{rel}","templated":true}]}}