{"id":995,"date":"2026-03-17T09:21:51","date_gmt":"2026-03-17T09:21:51","guid":{"rendered":"https:\/\/outletdorota.pl\/?post_type=product&#038;p=995"},"modified":"2026-03-17T09:21:52","modified_gmt":"2026-03-17T09:21:52","slug":"czapka-z-daszkiem-polska","status":"publish","type":"product","link":"https:\/\/outletdorota.pl\/index.php\/produkt\/czapka-z-daszkiem-polska\/","title":{"rendered":"Czapka z daszkiem POLSKA"},"content":{"rendered":"<p>rozmiar: uniwersalny, ze \u015bci\u0105gaczem z ty\u0142u<\/p>\n<p>kolor: czerwony<\/p>\n<p>materia\u0142: 100% bawe\u0142na<\/p>\n<p>&nbsp;<\/p>\n","protected":false},"excerpt":{"rendered":"<p>rozmiar: uniwersalny, ze \u015bci\u0105gaczem z ty\u0142u kolor: czerwony materia\u0142: 100%  [&#8230;]<\/p>\n","protected":false},"featured_media":996,"comment_status":"open","ping_status":"closed","template":"","meta":[],"product_brand":[],"product_cat":[69,74],"product_tag":[],"class_list":{"0":"post-995","1":"product","2":"type-product","3":"status-publish","4":"has-post-thumbnail","6":"product_cat-akcesoria","7":"product_cat-czapki-i-kapelusze","9":"first","10":"instock","11":"shipping-taxable","12":"purchasable","13":"product-type-simple"},"_links":{"self":[{"href":"https:\/\/outletdorota.pl\/index.php\/wp-json\/wp\/v2\/product\/995","targetHints":{"allow":["GET"]}}],"collection":[{"href":"https:\/\/outletdorota.pl\/index.php\/wp-json\/wp\/v2\/product"}],"about":[{"href":"https:\/\/outletdorota.pl\/index.php\/wp-json\/wp\/v2\/types\/product"}],"replies":[{"embeddable":true,"href":"https:\/\/outletdorota.pl\/index.php\/wp-json\/wp\/v2\/comments?post=995"}],"wp:featuredmedia":[{"embeddable":true,"href":"https:\/\/outletdorota.pl\/index.php\/wp-json\/wp\/v2\/media\/996"}],"wp:attachment":[{"href":"https:\/\/outletdorota.pl\/index.php\/wp-json\/wp\/v2\/media?parent=995"}],"wp:term":[{"taxonomy":"product_brand","embeddable":true,"href":"https:\/\/outletdorota.pl\/index.php\/wp-json\/wp\/v2\/product_brand?post=995"},{"taxonomy":"product_cat","embeddable":true,"href":"https:\/\/outletdorota.pl\/index.php\/wp-json\/wp\/v2\/product_cat?post=995"},{"taxonomy":"product_tag","embeddable":true,"href":"https:\/\/outletdorota.pl\/index.php\/wp-json\/wp\/v2\/product_tag?post=995"}],"curies":[{"name":"wp","href":"https:\/\/api.w.org\/{rel}","templated":true}]}}